{"id":103,"date":"2020-09-03T11:16:48","date_gmt":"2020-09-03T11:16:48","guid":{"rendered":"https:\/\/sunsetmalaga.com\/?page_id=103"},"modified":"2023-06-01T07:29:31","modified_gmt":"2023-06-01T07:29:31","slug":"sobre-sunset-malaga-apartments","status":"publish","type":"page","link":"https:\/\/sunsetmalaga.com\/en\/sobre-sunset-malaga-apartments\/","title":{"rendered":"Sobre Sunset M\u00e1laga Apartments"},"content":{"rendered":"\t\t<div data-elementor-type=\"wp-page\" data-elementor-id=\"103\" class=\"elementor elementor-103\" data-elementor-post-type=\"page\">\n\t\t\t\t\t\t<section class=\"elementor-section elementor-top-section elementor-element elementor-element-a3500f2 elementor-section-height-min-height elementor-section-items-stretch elementor-section-boxed elementor-section-height-default\" data-id=\"a3500f2\" data-element_type=\"section\" data-e-type=\"section\" data-settings=\"{&quot;background_background&quot;:&quot;classic&quot;}\">\n\t\t\t\t\t\t<div class=\"elementor-container elementor-column-gap-no\">\n\t\t\t\t\t<div class=\"elementor-column elementor-col-100 elementor-top-column elementor-element elementor-element-36bb484\" data-id=\"36bb484\" data-element_type=\"column\" data-e-type=\"column\">\n\t\t\t<div class=\"elementor-widget-wrap elementor-element-populated\">\n\t\t\t\t\t\t<div class=\"elementor-element elementor-element-0d1f569 elementor-widget elementor-widget-heading\" data-id=\"0d1f569\" data-element_type=\"widget\" data-e-type=\"widget\" data-widget_type=\"heading.default\">\n\t\t\t\t<div class=\"elementor-widget-container\">\n\t\t\t\t\t<h1 class=\"elementor-heading-title elementor-size-default\">About Sunset M\u00e1laga Apartments<\/h1>\t\t\t\t<\/div>\n\t\t\t\t<\/div>\n\t\t\t\t<div class=\"elementor-element elementor-element-bbe2839 mtop mbottom elementor-widget elementor-widget-text-editor\" data-id=\"bbe2839\" data-element_type=\"widget\" data-e-type=\"widget\" data-widget_type=\"text-editor.default\">\n\t\t\t\t<div class=\"elementor-widget-container\">\n\t\t\t\t\t\t\t\t\t<div><div>Our staff is formed by tourism enthusiasts, our wanderlust has led us to many adventures across Europe, having the chance to deepen our knowledges on new cultures, gastronomy, landscapes but what we always enjoy the most is to be able to natter away for hours with a local person to share experiences and tips.<\/div><div>\u00a0<\/div><div>We base our team s pirit on empathy and resp onsibility, the main principles in our customer service culture.<\/div><\/div>\t\t\t\t\t\t\t\t<\/div>\n\t\t\t\t<\/div>\n\t\t\t\t<div class=\"elementor-element elementor-element-618ef71 elementor-widget elementor-widget-button\" data-id=\"618ef71\" data-element_type=\"widget\" data-e-type=\"widget\" data-widget_type=\"button.default\">\n\t\t\t\t<div class=\"elementor-widget-container\">\n\t\t\t\t\t\t\t\t\t<div class=\"elementor-button-wrapper\">\n\t\t\t\t\t<a class=\"elementor-button elementor-button-link elementor-size-sm\" href=\"https:\/\/sunsetmalaga.com\/en\/viviendas\/holiday-apartments-in-malaga\/\">\n\t\t\t\t\t\t<span class=\"elementor-button-content-wrapper\">\n\t\t\t\t\t\t\t\t\t<span class=\"elementor-button-text\">Managed housing<\/span>\n\t\t\t\t\t<\/span>\n\t\t\t\t\t<\/a>\n\t\t\t\t<\/div>\n\t\t\t\t\t\t\t\t<\/div>\n\t\t\t\t<\/div>\n\t\t\t\t\t<\/div>\n\t\t<\/div>\n\t\t\t\t\t<\/div>\n\t\t<\/section>\n\t\t\t\t<section class=\"elementor-section elementor-top-section elementor-element elementor-element-37d80fe elementor-section-boxed elementor-section-height-default elementor-section-height-default\" data-id=\"37d80fe\" data-element_type=\"section\" data-e-type=\"section\" data-settings=\"{&quot;background_background&quot;:&quot;classic&quot;}\">\n\t\t\t\t\t\t<div class=\"elementor-container elementor-column-gap-no\">\n\t\t\t\t\t<div class=\"elementor-column elementor-col-50 elementor-top-column elementor-element elementor-element-42e6973\" data-id=\"42e6973\" data-element_type=\"column\" data-e-type=\"column\">\n\t\t\t<div class=\"elementor-widget-wrap\">\n\t\t\t\t\t\t\t<\/div>\n\t\t<\/div>\n\t\t\t\t<div class=\"elementor-column elementor-col-50 elementor-top-column elementor-element elementor-element-912b663\" data-id=\"912b663\" data-element_type=\"column\" data-e-type=\"column\">\n\t\t\t<div class=\"elementor-widget-wrap elementor-element-populated\">\n\t\t\t\t\t\t<div class=\"elementor-element elementor-element-3b46e56 elementor-widget elementor-widget-heading\" data-id=\"3b46e56\" data-element_type=\"widget\" data-e-type=\"widget\" data-widget_type=\"heading.default\">\n\t\t\t\t<div class=\"elementor-widget-container\">\n\t\t\t\t\t<h2 class=\"elementor-heading-title elementor-size-default\">Professionals <br>Committed<\/h2>\t\t\t\t<\/div>\n\t\t\t\t<\/div>\n\t\t\t\t<div class=\"elementor-element elementor-element-2f36b78 mtop mbottom elementor-widget elementor-widget-text-editor\" data-id=\"2f36b78\" data-element_type=\"widget\" data-e-type=\"widget\" data-widget_type=\"text-editor.default\">\n\t\t\t\t<div class=\"elementor-widget-container\">\n\t\t\t\t\t\t\t\t\t<div><div>Encouraged by our entrepreneurial spirit, we have taken care of every little detail, mixing our tech nical and academic training with our experience in customer service and travels. The result? An unforgettable trip guaranteed.<\/div><div>\u00a0<\/div><div>We would love to meet you, you simply need to book your holidays , we will do the rest\u2026<\/div><\/div>\t\t\t\t\t\t\t\t<\/div>\n\t\t\t\t<\/div>\n\t\t\t\t<div class=\"elementor-element elementor-element-42f7b51 elementor-widget elementor-widget-button\" data-id=\"42f7b51\" data-element_type=\"widget\" data-e-type=\"widget\" data-widget_type=\"button.default\">\n\t\t\t\t<div class=\"elementor-widget-container\">\n\t\t\t\t\t\t\t\t\t<div class=\"elementor-button-wrapper\">\n\t\t\t\t\t<a class=\"elementor-button elementor-button-link elementor-size-sm\" href=\"https:\/\/sunsetmalaga.com\/en\/viviendas\/holiday-apartments-in-malaga\/\">\n\t\t\t\t\t\t<span class=\"elementor-button-content-wrapper\">\n\t\t\t\t\t\t\t\t\t<span class=\"elementor-button-text\">Managed housing<\/span>\n\t\t\t\t\t<\/span>\n\t\t\t\t\t<\/a>\n\t\t\t\t<\/div>\n\t\t\t\t\t\t\t\t<\/div>\n\t\t\t\t<\/div>\n\t\t\t\t\t<\/div>\n\t\t<\/div>\n\t\t\t\t\t<\/div>\n\t\t<\/section>\n\t\t\t\t<section class=\"elementor-section elementor-top-section elementor-element elementor-element-da4b2ba elementor-section-boxed elementor-section-height-default elementor-section-height-default\" data-id=\"da4b2ba\" data-element_type=\"section\" data-e-type=\"section\" data-settings=\"{&quot;background_background&quot;:&quot;classic&quot;}\">\n\t\t\t\t\t\t<div class=\"elementor-container elementor-column-gap-no\">\n\t\t\t\t\t<div class=\"elementor-column elementor-col-100 elementor-top-column elementor-element elementor-element-2118f7f\" data-id=\"2118f7f\" data-element_type=\"column\" data-e-type=\"column\">\n\t\t\t<div class=\"elementor-widget-wrap elementor-element-populated\">\n\t\t\t\t\t\t<div class=\"elementor-element elementor-element-f35ed29 elementor-widget-tablet__width-initial mtop mbottom elementor-widget elementor-widget-text-editor\" data-id=\"f35ed29\" data-element_type=\"widget\" data-e-type=\"widget\" data-widget_type=\"text-editor.default\">\n\t\t\t\t<div class=\"elementor-widget-container\">\n\t\t\t\t\t\t\t\t\t<p>This is the <strong>official website<\/strong> of <strong>Sunset Malaga Apartments<\/strong>, for renting <strong>apartments in Malaga and the Costa del Sol<\/strong>. We can offer you an apartment for your vacation, but if you are a <strong>property owner<\/strong>, we can also provide you with a <strong>complete and professional management of your property<\/strong>, guaranteeing <strong>high income<\/strong> to our owners, <strong>maximum transparency<\/strong>, and an <strong>innovative pricing system.<\/strong><\/p>\t\t\t\t\t\t\t\t<\/div>\n\t\t\t\t<\/div>\n\t\t\t\t<div class=\"elementor-element elementor-element-d04728d elementor-align-right elementor-widget__width-auto elementor-widget elementor-widget-global elementor-global-1032 elementor-widget-button\" data-id=\"d04728d\" data-element_type=\"widget\" data-e-type=\"widget\" data-widget_type=\"button.default\">\n\t\t\t\t<div class=\"elementor-widget-container\">\n\t\t\t\t\t\t\t\t\t<div class=\"elementor-button-wrapper\">\n\t\t\t\t\t<a class=\"elementor-button elementor-button-link elementor-size-sm\" href=\"https:\/\/sunsetmalaga.com\/en\/viviendas\/holiday-apartments-in-malaga\/\">\n\t\t\t\t\t\t<span class=\"elementor-button-content-wrapper\">\n\t\t\t\t\t\t\t\t\t<span class=\"elementor-button-text\">Book today<\/span>\n\t\t\t\t\t<\/span>\n\t\t\t\t\t<\/a>\n\t\t\t\t<\/div>\n\t\t\t\t\t\t\t\t<\/div>\n\t\t\t\t<\/div>\n\t\t\t\t<div class=\"elementor-element elementor-element-32c012c elementor-align-right elementor-widget__width-auto elementor-widget elementor-widget-global elementor-global-1035 elementor-widget-button\" data-id=\"32c012c\" data-element_type=\"widget\" data-e-type=\"widget\" data-widget_type=\"button.default\">\n\t\t\t\t<div class=\"elementor-widget-container\">\n\t\t\t\t\t\t\t\t\t<div class=\"elementor-button-wrapper\">\n\t\t\t\t\t<a class=\"elementor-button elementor-button-link elementor-size-sm\" href=\"https:\/\/sunsetmalaga.com\/en\/contacto-con-sunset-malaga-apartments\/\" target=\"_blank\">\n\t\t\t\t\t\t<span class=\"elementor-button-content-wrapper\">\n\t\t\t\t\t\t\t\t\t<span class=\"elementor-button-text\">Contact<\/span>\n\t\t\t\t\t<\/span>\n\t\t\t\t\t<\/a>\n\t\t\t\t<\/div>\n\t\t\t\t\t\t\t\t<\/div>\n\t\t\t\t<\/div>\n\t\t\t\t<div class=\"elementor-element elementor-element-d3e0128 elementor-align-right elementor-widget__width-auto elementor-widget elementor-widget-global elementor-global-1038 elementor-widget-button\" data-id=\"d3e0128\" data-element_type=\"widget\" data-e-type=\"widget\" data-widget_type=\"button.default\">\n\t\t\t\t<div class=\"elementor-widget-container\">\n\t\t\t\t\t\t\t\t\t<div class=\"elementor-button-wrapper\">\n\t\t\t\t\t<a class=\"elementor-button elementor-button-link elementor-size-sm\" href=\"https:\/\/booking.avirato.com\/?code=37276910&#038;lang=en\" target=\"_blank\">\n\t\t\t\t\t\t<span class=\"elementor-button-content-wrapper\">\n\t\t\t\t\t\t\t\t\t<span class=\"elementor-button-text\">Booking engine<\/span>\n\t\t\t\t\t<\/span>\n\t\t\t\t\t<\/a>\n\t\t\t\t<\/div>\n\t\t\t\t\t\t\t\t<\/div>\n\t\t\t\t<\/div>\n\t\t\t\t\t<\/div>\n\t\t<\/div>\n\t\t\t\t\t<\/div>\n\t\t<\/section>\n\t\t\t\t<\/div>\n\t\t","protected":false},"excerpt":{"rendered":"<p>About Sunset M\u00e1laga Apartments Our staff is formed by tourism enthusiasts, our wanderlust has led us to many adventures across Europe, having the chance to deepen our knowledges on new cultures, gastronomy, landscapes but what we always enjoy the most is to be able to natter away for hours with a local person to share [&hellip;]<\/p>\n","protected":false},"author":1,"featured_media":0,"parent":0,"menu_order":0,"comment_status":"closed","ping_status":"open","template":"elementor_header_footer","meta":{"_acf_changed":false,"footnotes":""},"class_list":["post-103","page","type-page","status-publish","hentry"],"acf":[],"yoast_head":"<!-- This site is optimized with the Yoast SEO plugin v27.4 - https:\/\/yoast.com\/product\/yoast-seo-wordpress\/ -->\n<title>Sobre Sunset M\u00e1laga Apartments - Sunset M\u00e1laga Apartments<\/title>\n<meta name=\"description\" content=\"Sobre Sunset M\u00e1laga Apartments. Nuestro esp\u00edritu de equipo se basa en la empat\u00eda y la responsabilidad, valores fundamentales\" \/>\n<meta name=\"robots\" content=\"index, follow, max-snippet:-1, max-image-preview:large, max-video-preview:-1\" \/>\n<link rel=\"canonical\" href=\"https:\/\/sunsetmalaga.com\/en\/sobre-sunset-malaga-apartments\/\" \/>\n<meta property=\"og:locale\" content=\"es_ES\" \/>\n<meta property=\"og:type\" content=\"article\" \/>\n<meta property=\"og:title\" content=\"Sobre Sunset M\u00e1laga Apartments - Sunset M\u00e1laga Apartments\" \/>\n<meta property=\"og:description\" content=\"Sobre Sunset M\u00e1laga Apartments. Nuestro esp\u00edritu de equipo se basa en la empat\u00eda y la responsabilidad, valores fundamentales\" \/>\n<meta property=\"og:url\" content=\"https:\/\/sunsetmalaga.com\/en\/sobre-sunset-malaga-apartments\/\" \/>\n<meta property=\"og:site_name\" content=\"Sunset M\u00e1laga Apartments\" \/>\n<meta property=\"article:modified_time\" content=\"2023-06-01T07:29:31+00:00\" \/>\n<meta name=\"twitter:card\" content=\"summary_large_image\" \/>\n<meta name=\"twitter:label1\" content=\"Tiempo de lectura\" \/>\n\t<meta name=\"twitter:data1\" content=\"1 minuto\" \/>\n<script type=\"application\/ld+json\" class=\"yoast-schema-graph\">{\"@context\":\"https:\\\/\\\/schema.org\",\"@graph\":[{\"@type\":\"WebPage\",\"@id\":\"https:\\\/\\\/sunsetmalaga.com\\\/en\\\/sobre-sunset-malaga-apartments\\\/\",\"url\":\"https:\\\/\\\/sunsetmalaga.com\\\/en\\\/sobre-sunset-malaga-apartments\\\/\",\"name\":\"Sobre Sunset M\u00e1laga Apartments - Sunset M\u00e1laga Apartments\",\"isPartOf\":{\"@id\":\"https:\\\/\\\/sunsetmalaga.com\\\/en\\\/#website\"},\"datePublished\":\"2020-09-03T11:16:48+00:00\",\"dateModified\":\"2023-06-01T07:29:31+00:00\",\"description\":\"Sobre Sunset M\u00e1laga Apartments. Nuestro esp\u00edritu de equipo se basa en la empat\u00eda y la responsabilidad, valores fundamentales\",\"breadcrumb\":{\"@id\":\"https:\\\/\\\/sunsetmalaga.com\\\/en\\\/sobre-sunset-malaga-apartments\\\/#breadcrumb\"},\"inLanguage\":\"es\",\"potentialAction\":[{\"@type\":\"ReadAction\",\"target\":[\"https:\\\/\\\/sunsetmalaga.com\\\/en\\\/sobre-sunset-malaga-apartments\\\/\"]}]},{\"@type\":\"BreadcrumbList\",\"@id\":\"https:\\\/\\\/sunsetmalaga.com\\\/en\\\/sobre-sunset-malaga-apartments\\\/#breadcrumb\",\"itemListElement\":[{\"@type\":\"ListItem\",\"position\":1,\"name\":\"Portada\",\"item\":\"https:\\\/\\\/sunsetmalaga.com\\\/en\\\/\"},{\"@type\":\"ListItem\",\"position\":2,\"name\":\"Sobre Sunset M\u00e1laga Apartments\"}]},{\"@type\":\"WebSite\",\"@id\":\"https:\\\/\\\/sunsetmalaga.com\\\/en\\\/#website\",\"url\":\"https:\\\/\\\/sunsetmalaga.com\\\/en\\\/\",\"name\":\"Sunset M\u00e1laga Apartments\",\"description\":\"Sunset M\u00e1laga Apartments\",\"publisher\":{\"@id\":\"https:\\\/\\\/sunsetmalaga.com\\\/en\\\/#organization\"},\"potentialAction\":[{\"@type\":\"SearchAction\",\"target\":{\"@type\":\"EntryPoint\",\"urlTemplate\":\"https:\\\/\\\/sunsetmalaga.com\\\/en\\\/?s={search_term_string}\"},\"query-input\":{\"@type\":\"PropertyValueSpecification\",\"valueRequired\":true,\"valueName\":\"search_term_string\"}}],\"inLanguage\":\"es\"},{\"@type\":\"Organization\",\"@id\":\"https:\\\/\\\/sunsetmalaga.com\\\/en\\\/#organization\",\"name\":\"Sunset M\u00e1laga Apartments\",\"url\":\"https:\\\/\\\/sunsetmalaga.com\\\/en\\\/\",\"logo\":{\"@type\":\"ImageObject\",\"inLanguage\":\"es\",\"@id\":\"https:\\\/\\\/sunsetmalaga.com\\\/en\\\/#\\\/schema\\\/logo\\\/image\\\/\",\"url\":\"https:\\\/\\\/sunsetmalaga.com\\\/en\\\/wp-content\\\/uploads\\\/sites\\\/5\\\/sunset-malaga-apartments-logo.png\",\"contentUrl\":\"https:\\\/\\\/sunsetmalaga.com\\\/en\\\/wp-content\\\/uploads\\\/sites\\\/5\\\/sunset-malaga-apartments-logo.png\",\"width\":292,\"height\":121,\"caption\":\"Sunset M\u00e1laga Apartments\"},\"image\":{\"@id\":\"https:\\\/\\\/sunsetmalaga.com\\\/en\\\/#\\\/schema\\\/logo\\\/image\\\/\"}}]}<\/script>\n<!-- \/ Yoast SEO plugin. -->","yoast_head_json":{"title":"Sobre Sunset M\u00e1laga Apartments - Sunset M\u00e1laga Apartments","description":"Sobre Sunset M\u00e1laga Apartments. Nuestro esp\u00edritu de equipo se basa en la empat\u00eda y la responsabilidad, valores fundamentales","robots":{"index":"index","follow":"follow","max-snippet":"max-snippet:-1","max-image-preview":"max-image-preview:large","max-video-preview":"max-video-preview:-1"},"canonical":"https:\/\/sunsetmalaga.com\/en\/sobre-sunset-malaga-apartments\/","og_locale":"es_ES","og_type":"article","og_title":"Sobre Sunset M\u00e1laga Apartments - Sunset M\u00e1laga Apartments","og_description":"Sobre Sunset M\u00e1laga Apartments. Nuestro esp\u00edritu de equipo se basa en la empat\u00eda y la responsabilidad, valores fundamentales","og_url":"https:\/\/sunsetmalaga.com\/en\/sobre-sunset-malaga-apartments\/","og_site_name":"Sunset M\u00e1laga Apartments","article_modified_time":"2023-06-01T07:29:31+00:00","twitter_card":"summary_large_image","twitter_misc":{"Tiempo de lectura":"1 minuto"},"schema":{"@context":"https:\/\/schema.org","@graph":[{"@type":"WebPage","@id":"https:\/\/sunsetmalaga.com\/en\/sobre-sunset-malaga-apartments\/","url":"https:\/\/sunsetmalaga.com\/en\/sobre-sunset-malaga-apartments\/","name":"Sobre Sunset M\u00e1laga Apartments - Sunset M\u00e1laga Apartments","isPartOf":{"@id":"https:\/\/sunsetmalaga.com\/en\/#website"},"datePublished":"2020-09-03T11:16:48+00:00","dateModified":"2023-06-01T07:29:31+00:00","description":"Sobre Sunset M\u00e1laga Apartments. Nuestro esp\u00edritu de equipo se basa en la empat\u00eda y la responsabilidad, valores fundamentales","breadcrumb":{"@id":"https:\/\/sunsetmalaga.com\/en\/sobre-sunset-malaga-apartments\/#breadcrumb"},"inLanguage":"es","potentialAction":[{"@type":"ReadAction","target":["https:\/\/sunsetmalaga.com\/en\/sobre-sunset-malaga-apartments\/"]}]},{"@type":"BreadcrumbList","@id":"https:\/\/sunsetmalaga.com\/en\/sobre-sunset-malaga-apartments\/#breadcrumb","itemListElement":[{"@type":"ListItem","position":1,"name":"Portada","item":"https:\/\/sunsetmalaga.com\/en\/"},{"@type":"ListItem","position":2,"name":"Sobre Sunset M\u00e1laga Apartments"}]},{"@type":"WebSite","@id":"https:\/\/sunsetmalaga.com\/en\/#website","url":"https:\/\/sunsetmalaga.com\/en\/","name":"Sunset M\u00e1laga Apartments","description":"Sunset M\u00e1laga Apartments","publisher":{"@id":"https:\/\/sunsetmalaga.com\/en\/#organization"},"potentialAction":[{"@type":"SearchAction","target":{"@type":"EntryPoint","urlTemplate":"https:\/\/sunsetmalaga.com\/en\/?s={search_term_string}"},"query-input":{"@type":"PropertyValueSpecification","valueRequired":true,"valueName":"search_term_string"}}],"inLanguage":"es"},{"@type":"Organization","@id":"https:\/\/sunsetmalaga.com\/en\/#organization","name":"Sunset M\u00e1laga Apartments","url":"https:\/\/sunsetmalaga.com\/en\/","logo":{"@type":"ImageObject","inLanguage":"es","@id":"https:\/\/sunsetmalaga.com\/en\/#\/schema\/logo\/image\/","url":"https:\/\/sunsetmalaga.com\/en\/wp-content\/uploads\/sites\/5\/sunset-malaga-apartments-logo.png","contentUrl":"https:\/\/sunsetmalaga.com\/en\/wp-content\/uploads\/sites\/5\/sunset-malaga-apartments-logo.png","width":292,"height":121,"caption":"Sunset M\u00e1laga Apartments"},"image":{"@id":"https:\/\/sunsetmalaga.com\/en\/#\/schema\/logo\/image\/"}}]}},"_links":{"self":[{"href":"https:\/\/sunsetmalaga.com\/en\/wp-json\/wp\/v2\/pages\/103","targetHints":{"allow":["GET"]}}],"collection":[{"href":"https:\/\/sunsetmalaga.com\/en\/wp-json\/wp\/v2\/pages"}],"about":[{"href":"https:\/\/sunsetmalaga.com\/en\/wp-json\/wp\/v2\/types\/page"}],"author":[{"embeddable":true,"href":"https:\/\/sunsetmalaga.com\/en\/wp-json\/wp\/v2\/users\/1"}],"replies":[{"embeddable":true,"href":"https:\/\/sunsetmalaga.com\/en\/wp-json\/wp\/v2\/comments?post=103"}],"version-history":[{"count":3,"href":"https:\/\/sunsetmalaga.com\/en\/wp-json\/wp\/v2\/pages\/103\/revisions"}],"predecessor-version":[{"id":3298,"href":"https:\/\/sunsetmalaga.com\/en\/wp-json\/wp\/v2\/pages\/103\/revisions\/3298"}],"wp:attachment":[{"href":"https:\/\/sunsetmalaga.com\/en\/wp-json\/wp\/v2\/media?parent=103"}],"curies":[{"name":"wp","href":"https:\/\/api.w.org\/{rel}","templated":true}]}}